{"id":25,"date":"2025-12-08T14:34:27","date_gmt":"2025-12-08T14:34:27","guid":{"rendered":"https:\/\/megasandboxs.com\/seven-stories\/?page_id=25"},"modified":"2025-12-12T14:57:48","modified_gmt":"2025-12-12T14:57:48","slug":"kontakt","status":"publish","type":"page","link":"https:\/\/megasandboxs.com\/seven-stories\/kontakt\/","title":{"rendered":"Kontakt"},"content":{"rendered":"\t\t<div data-elementor-type=\"wp-page\" data-elementor-id=\"25\" class=\"elementor elementor-25\">\n\t\t\t\t\t\t<section class=\"elementor-section elementor-top-section elementor-element elementor-element-a47ca2a elementor-section-full_width elementor-section-height-min-height elementor-section-items-bottom elementor-section-content-middle elementor-section-height-default\" data-id=\"a47ca2a\" data-element_type=\"section\" data-settings=\"{&quot;background_background&quot;:&quot;classic&quot;}\">\n\t\t\t\t\t\t\t<div class=\"elementor-background-overlay\"><\/div>\n\t\t\t\t\t\t\t<div class=\"elementor-container elementor-column-gap-default\">\n\t\t\t\t\t<div class=\"elementor-column elementor-col-100 elementor-top-column elementor-element elementor-element-31357b5\" data-id=\"31357b5\" data-element_type=\"column\">\n\t\t\t<div class=\"elementor-widget-wrap elementor-element-populated\">\n\t\t\t\t\t\t<section class=\"elementor-section elementor-inner-section elementor-element elementor-element-b700864 elementor-section-content-bottom elementor-section-boxed elementor-section-height-default elementor-section-height-default\" data-id=\"b700864\" data-element_type=\"section\">\n\t\t\t\t\t\t<div class=\"elementor-container elementor-column-gap-default\">\n\t\t\t\t\t<div class=\"elementor-column elementor-col-50 elementor-inner-column elementor-element elementor-element-3c49937\" data-id=\"3c49937\" data-element_type=\"column\">\n\t\t\t<div class=\"elementor-widget-wrap elementor-element-populated\">\n\t\t\t\t\t\t<div class=\"elementor-element elementor-element-a845bc4 elementor-widget elementor-widget-heading\" data-id=\"a845bc4\" data-element_type=\"widget\" data-widget_type=\"heading.default\">\n\t\t\t\t\t<span class=\"elementor-heading-title elementor-size-default\">Kontakta oss\n<\/span>\t\t\t\t<\/div>\n\t\t\t\t<div class=\"elementor-element elementor-element-c08c94a elementor-widget elementor-widget-heading\" data-id=\"c08c94a\" data-element_type=\"widget\" data-widget_type=\"heading.default\">\n\t\t\t\t\t<h1 class=\"elementor-heading-title elementor-size-default\">Redo att skapa din ber\u00e4ttelse?\n<\/h1>\t\t\t\t<\/div>\n\t\t\t\t\t<\/div>\n\t\t<\/div>\n\t\t\t\t<div class=\"elementor-column elementor-col-50 elementor-inner-column elementor-element elementor-element-bc2efda\" data-id=\"bc2efda\" data-element_type=\"column\">\n\t\t\t<div class=\"elementor-widget-wrap\">\n\t\t\t\t\t\t\t<\/div>\n\t\t<\/div>\n\t\t\t\t\t<\/div>\n\t\t<\/section>\n\t\t\t\t\t<\/div>\n\t\t<\/div>\n\t\t\t\t\t<\/div>\n\t\t<\/section>\n\t\t\t\t<section class=\"elementor-section elementor-top-section elementor-element elementor-element-b290fb3 elementor-section-full_width elementor-section-height-default elementor-section-height-default\" data-id=\"b290fb3\" data-element_type=\"section\" data-settings=\"{&quot;background_background&quot;:&quot;classic&quot;}\">\n\t\t\t\t\t\t<div class=\"elementor-container elementor-column-gap-default\">\n\t\t\t\t\t<div class=\"elementor-column elementor-col-100 elementor-top-column elementor-element elementor-element-6109406\" data-id=\"6109406\" data-element_type=\"column\">\n\t\t\t<div class=\"elementor-widget-wrap elementor-element-populated\">\n\t\t\t\t\t\t<section class=\"elementor-section elementor-inner-section elementor-element elementor-element-97096bb elementor-section-content-top elementor-section-boxed elementor-section-height-default elementor-section-height-default\" data-id=\"97096bb\" data-element_type=\"section\">\n\t\t\t\t\t\t<div class=\"elementor-container elementor-column-gap-default\">\n\t\t\t\t\t<div class=\"elementor-column elementor-col-33 elementor-inner-column elementor-element elementor-element-2ba41dc\" data-id=\"2ba41dc\" data-element_type=\"column\">\n\t\t\t<div class=\"elementor-widget-wrap elementor-element-populated\">\n\t\t\t\t\t\t<div class=\"elementor-element elementor-element-e5669cb elementor-view-default elementor-position-top elementor-mobile-position-top elementor-widget elementor-widget-icon-box\" data-id=\"e5669cb\" data-element_type=\"widget\" data-widget_type=\"icon-box.default\">\n\t\t\t\t\t\t\t<div class=\"elementor-icon-box-wrapper\">\n\n\t\t\t\t\t\t<div class=\"elementor-icon-box-icon\">\n\t\t\t\t<span  class=\"elementor-icon\">\n\t\t\t\t<svg xmlns=\"http:\/\/www.w3.org\/2000\/svg\" width=\"76\" height=\"76\" viewBox=\"0 0 76 76\" fill=\"none\"><path d=\"M40.2508 1L48.7628 4.95781L35.7506 32.7826L27.2386 28.8248L40.2508 1Z\" fill=\"#D5C7AD\"><\/path><path d=\"M69.4763 17.1948L71.6802 26.2983L41.7503 33.5026L39.5464 24.3991L69.4763 17.1948Z\" fill=\"#D5C7AD\"><\/path><path d=\"M75 50.076L69.2362 57.4701L44.9265 38.6289L50.6903 31.2348L75 50.076Z\" fill=\"#D5C7AD\"><\/path><path d=\"M52.6625 74.8833L43.2713 75L42.8874 44.3011L52.2786 44.1844L52.6625 74.8833Z\" fill=\"#D5C7AD\"><\/path><path d=\"M19.2843 72.9363L13.3375 65.6878L37.1686 46.2481L43.1154 53.4966L19.2843 72.9363Z\" fill=\"#D5C7AD\"><\/path><path d=\"M0 45.7011L1.97559 36.5457L32.0763 43.0037L30.1007 52.1591L0 45.7011Z\" fill=\"#D5C7AD\"><\/path><path d=\"M9.33098 13.6865L17.7414 9.51831L31.4452 37.011L23.0349 41.1791L9.33098 13.6865Z\" fill=\"#D5C7AD\"><\/path><\/svg>\t\t\t\t<\/span>\n\t\t\t<\/div>\n\t\t\t\n\t\t\t\t\t\t<div class=\"elementor-icon-box-content\">\n\n\t\t\t\t\t\t\t\t\t<h3 class=\"elementor-icon-box-title\">\n\t\t\t\t\t\t<span  >\n\t\t\t\t\t\t\tBer\u00e4tta om dina planer\t\t\t\t\t\t<\/span>\n\t\t\t\t\t<\/h3>\n\t\t\t\t\n\t\t\t\t\t\t\t\t\t<p class=\"elementor-icon-box-description\">\n\t\t\t\t\t\tKontakta oss \u2013 vi lyssnar p\u00e5 dina id\u00e9er och behov.\t\t\t\t\t<\/p>\n\t\t\t\t\n\t\t\t<\/div>\n\t\t\t\n\t\t<\/div>\n\t\t\t\t\t\t<\/div>\n\t\t\t\t\t<\/div>\n\t\t<\/div>\n\t\t\t\t<div class=\"elementor-column elementor-col-33 elementor-inner-column elementor-element elementor-element-ee98104\" data-id=\"ee98104\" data-element_type=\"column\">\n\t\t\t<div class=\"elementor-widget-wrap elementor-element-populated\">\n\t\t\t\t\t\t<div class=\"elementor-element elementor-element-1053443 elementor-view-default elementor-position-top elementor-mobile-position-top elementor-widget elementor-widget-icon-box\" data-id=\"1053443\" data-element_type=\"widget\" data-widget_type=\"icon-box.default\">\n\t\t\t\t\t\t\t<div class=\"elementor-icon-box-wrapper\">\n\n\t\t\t\t\t\t<div class=\"elementor-icon-box-icon\">\n\t\t\t\t<span  class=\"elementor-icon\">\n\t\t\t\t<svg xmlns=\"http:\/\/www.w3.org\/2000\/svg\" width=\"76\" height=\"76\" viewBox=\"0 0 76 76\" fill=\"none\"><path d=\"M76 37.2288V39.2668H75.7278C55.3895 39.2668 38.8899 55.6966 38.7852 76H36.9566C36.8449 55.6896 20.3383 39.2668 0 39.2668V37.2288C20.4081 37.2288 36.9566 20.6803 36.9566 0.272201V0H38.7852V0.272201C38.7852 20.6803 55.3197 37.2288 75.7278 37.2288H76Z\" fill=\"#D5C7AD\"><\/path><\/svg>\t\t\t\t<\/span>\n\t\t\t<\/div>\n\t\t\t\n\t\t\t\t\t\t<div class=\"elementor-icon-box-content\">\n\n\t\t\t\t\t\t\t\t\t<h3 class=\"elementor-icon-box-title\">\n\t\t\t\t\t\t<span  >\n\t\t\t\t\t\t\tVi skapar f\u00f6rslag\t\t\t\t\t\t<\/span>\n\t\t\t\t\t<\/h3>\n\t\t\t\t\n\t\t\t\t\t\t\t\t\t<p class=\"elementor-icon-box-description\">\n\t\t\t\t\t\tVi presenterar produkter och koncept som lyfter ditt event.\t\t\t\t\t<\/p>\n\t\t\t\t\n\t\t\t<\/div>\n\t\t\t\n\t\t<\/div>\n\t\t\t\t\t\t<\/div>\n\t\t\t\t\t<\/div>\n\t\t<\/div>\n\t\t\t\t<div class=\"elementor-column elementor-col-33 elementor-inner-column elementor-element elementor-element-4ed6fd6\" data-id=\"4ed6fd6\" data-element_type=\"column\">\n\t\t\t<div class=\"elementor-widget-wrap elementor-element-populated\">\n\t\t\t\t\t\t<div class=\"elementor-element elementor-element-f33f935 elementor-view-default elementor-position-top elementor-mobile-position-top elementor-widget elementor-widget-icon-box\" data-id=\"f33f935\" data-element_type=\"widget\" data-widget_type=\"icon-box.default\">\n\t\t\t\t\t\t\t<div class=\"elementor-icon-box-wrapper\">\n\n\t\t\t\t\t\t<div class=\"elementor-icon-box-icon\">\n\t\t\t\t<span  class=\"elementor-icon\">\n\t\t\t\t<svg xmlns=\"http:\/\/www.w3.org\/2000\/svg\" width=\"76\" height=\"76\" viewBox=\"0 0 76 76\" fill=\"none\"><path d=\"M75.5579 28.2032C74.2179 22.2534 70.2886 18.0956 66.7781 18.9101C64.0074 19.5547 47.1737 30.5194 40.2295 35.1021C46.1687 29.2515 60.455 15.0357 61.6903 12.4362C63.2537 9.14254 60.127 4.33311 54.7182 1.68403C49.3023 -0.957974 43.6492 -0.433823 42.0859 2.85274C40.8506 5.45932 38.8057 25.6533 38.0031 34.0113C37.2005 25.6533 35.1556 5.45224 33.9203 2.85274C32.357 -0.433823 26.7039 -0.957974 21.2881 1.68403C15.8723 4.32603 12.7526 9.14254 14.3159 12.4362C15.5512 15.0428 29.8375 29.2515 35.7768 35.1021C28.8325 30.5264 11.9988 19.5547 9.22811 18.9172C5.7176 18.1027 1.78835 22.2675 0.448352 28.2103C-0.891643 34.1601 0.87408 39.6353 4.38459 40.4499C7.15531 41.0944 27.011 38.6224 35.2254 37.5529C27.3739 40.2091 8.42551 46.7255 6.19916 48.5246C3.38657 50.8054 4.14032 56.5144 7.88812 61.2813C11.6359 66.0482 16.954 68.0669 19.7666 65.7862C21.993 63.987 32.4687 46.6901 36.7608 39.5149C33.9133 47.3984 27.1157 66.4945 27.1157 69.3844C27.1157 73.0393 31.9871 76 37.9961 76C44.0052 76 48.8766 73.0393 48.8766 69.3844C48.8766 66.4945 42.0859 47.4055 39.2314 39.5149C43.5306 46.6972 54.0063 63.987 56.2257 65.7862C59.0383 68.0669 64.3564 66.0411 68.1042 61.2813C71.852 56.5214 72.6057 50.8054 69.7931 48.5246C67.5668 46.7255 48.6254 40.2091 40.7669 37.5529C48.9813 38.6154 68.83 41.0874 71.6077 40.4499C75.1321 39.6353 76.8909 34.153 75.5509 28.2103L75.5579 28.2032Z\" fill=\"#D5C7AD\"><\/path><\/svg>\t\t\t\t<\/span>\n\t\t\t<\/div>\n\t\t\t\n\t\t\t\t\t\t<div class=\"elementor-icon-box-content\">\n\n\t\t\t\t\t\t\t\t\t<h3 class=\"elementor-icon-box-title\">\n\t\t\t\t\t\t<span  >\n\t\t\t\t\t\t\tLeverans &amp; upph\u00e4mtning\t\t\t\t\t\t<\/span>\n\t\t\t\t\t<\/h3>\n\t\t\t\t\n\t\t\t\t\t\t\t\t\t<p class=\"elementor-icon-box-description\">\n\t\t\t\t\t\tVi ordnar allt praktiskt s\u00e5 du kan fokusera p\u00e5 att njuta.\t\t\t\t\t<\/p>\n\t\t\t\t\n\t\t\t<\/div>\n\t\t\t\n\t\t<\/div>\n\t\t\t\t\t\t<\/div>\n\t\t\t\t\t<\/div>\n\t\t<\/div>\n\t\t\t\t\t<\/div>\n\t\t<\/section>\n\t\t\t\t\t<\/div>\n\t\t<\/div>\n\t\t\t\t\t<\/div>\n\t\t<\/section>\n\t\t\t\t<section class=\"elementor-section elementor-top-section elementor-element elementor-element-729fe0d elementor-section-full_width elementor-section-height-default elementor-section-height-default\" data-id=\"729fe0d\" data-element_type=\"section\">\n\t\t\t\t\t\t<div class=\"elementor-container elementor-column-gap-default\">\n\t\t\t\t\t<div class=\"elementor-column elementor-col-100 elementor-top-column elementor-element elementor-element-c997d9e\" data-id=\"c997d9e\" data-element_type=\"column\">\n\t\t\t<div class=\"elementor-widget-wrap elementor-element-populated\">\n\t\t\t\t\t\t<section class=\"elementor-section elementor-inner-section elementor-element elementor-element-9422baa elementor-reverse-tablet elementor-reverse-mobile_extra elementor-reverse-mobile elementor-section-boxed elementor-section-height-default elementor-section-height-default\" data-id=\"9422baa\" data-element_type=\"section\">\n\t\t\t\t\t\t<div class=\"elementor-container elementor-column-gap-default\">\n\t\t\t\t\t<div class=\"elementor-column elementor-col-50 elementor-inner-column elementor-element elementor-element-e498811\" data-id=\"e498811\" data-element_type=\"column\">\n\t\t\t<div class=\"elementor-widget-wrap elementor-element-populated\">\n\t\t\t\t\t\t<div class=\"elementor-element elementor-element-7511472 elementor-widget elementor-widget-shortcode\" data-id=\"7511472\" data-element_type=\"widget\" data-widget_type=\"shortcode.default\">\n\t\t\t\t\t\t\t<div class=\"elementor-shortcode\">\n<div class=\"wpcf7 no-js\" id=\"wpcf7-f232-o1\" lang=\"en-US\" dir=\"ltr\" data-wpcf7-id=\"232\">\n<div class=\"screen-reader-response\"><p role=\"status\" aria-live=\"polite\" aria-atomic=\"true\"><\/p> <ul><\/ul><\/div>\n<form action=\"\/seven-stories\/wp-json\/wp\/v2\/pages\/25#wpcf7-f232-o1\" method=\"post\" class=\"wpcf7-form init\" aria-label=\"Contact form\" novalidate=\"novalidate\" data-status=\"init\">\n<fieldset class=\"hidden-fields-container\"><input type=\"hidden\" name=\"_wpcf7\" value=\"232\" \/><input type=\"hidden\" name=\"_wpcf7_version\" value=\"6.1.4\" \/><input type=\"hidden\" name=\"_wpcf7_locale\" value=\"en_US\" \/><input type=\"hidden\" name=\"_wpcf7_unit_tag\" value=\"wpcf7-f232-o1\" \/><input type=\"hidden\" name=\"_wpcf7_container_post\" value=\"0\" \/><input type=\"hidden\" name=\"_wpcf7_posted_data_hash\" value=\"\" \/>\n<\/fieldset>\n<div class=\"manrope-form\">\n\t<h2 class=\"form-heading\">L\u00e5t oss b\u00f6rja\n\t<\/h2>\n\n <!-- Row 1: Name and Email -->\n\t<div class=\"form-row\">\n\t\t<div class=\"form-col\">\n\t\t\t<p><span class=\"wpcf7-form-control-wrap\" data-name=\"your-name\"><input size=\"40\" maxlength=\"400\" class=\"wpcf7-form-control wpcf7-text wpcf7-validates-as-required\" aria-required=\"true\" aria-invalid=\"false\" placeholder=\"Ditt namn\" value=\"\" type=\"text\" name=\"your-name\" \/><\/span>\n\t\t\t<\/p>\n\t\t<\/div>\n\t\t<div class=\"form-col\">\n\t\t\t<p><span class=\"wpcf7-form-control-wrap\" data-name=\"your-email\"><input size=\"40\" maxlength=\"400\" class=\"wpcf7-form-control wpcf7-email wpcf7-validates-as-required wpcf7-text wpcf7-validates-as-email\" aria-required=\"true\" aria-invalid=\"false\" placeholder=\"E-postadress\" value=\"\" type=\"email\" name=\"your-email\" \/><\/span>\n\t\t\t<\/p>\n\t\t<\/div>\n\t<\/div>\n\n <!-- Row 2: Phone and Event Type -->\n\t<div class=\"form-row\">\n\t\t<div class=\"form-col\">\n\t\t\t<p><span class=\"wpcf7-form-control-wrap\" data-name=\"your-phone\"><input size=\"40\" maxlength=\"400\" class=\"wpcf7-form-control wpcf7-tel wpcf7-validates-as-required wpcf7-text wpcf7-validates-as-tel\" aria-required=\"true\" aria-invalid=\"false\" placeholder=\"Telefonnummer\" value=\"\" type=\"tel\" name=\"your-phone\" \/><\/span>\n\t\t\t<\/p>\n\t\t<\/div>\n\t\t<div class=\"form-col custom-select-wrapper\">\n\t\t\t<p><span class=\"wpcf7-form-control-wrap\" data-name=\"event-type\"><select class=\"wpcf7-form-control wpcf7-select wpcf7-validates-as-required form-select\" aria-required=\"true\" aria-invalid=\"false\" name=\"event-type\"><option value=\"\">V\u00e4lj typ av event<\/option><option value=\"Br\u00f6llop\">Br\u00f6llop<\/option><option value=\"F\u00f6retagsevent\">F\u00f6retagsevent<\/option><option value=\"Fest\">Fest<\/option><option value=\"Annat\">Annat<\/option><\/select><\/span>\n\t\t\t<\/p>\n\t\t<\/div>\n\t<\/div>\n\n <!-- Special Date Section -->\n\t<p><label class=\"section-label\">Datum f\u00f6r eventet (Om du vet det redan nu)<\/label>\n\t<\/p>\n\t<div class=\"date-complex-container\">\n\t\t<div class=\"date-icon-box\">\n <!-- SVG Calendar Icon -->\n\t\t\t<p><svg width=\"24\" height=\"24\" viewBox=\"0 0 24 24\" fill=\"none\" xmlns=\"http:\/\/www.w3.org\/2000\/svg\">\n        <path d=\"M19 4H5C3.89543 4 3 4.89543 3 6V20C3 21.1046 3.89543 22 5 22H19C20.1046 22 21 21.1046 21 20V6C21 4.89543 20.1046 4 19 4Z\" stroke=\"white\" stroke-width=\"2\" stroke-linecap=\"round\" stroke-linejoin=\"round\"\/>\n        <path d=\"M16 2V6\" stroke=\"white\" stroke-width=\"2\" stroke-linecap=\"round\" stroke-linejoin=\"round\"\/>\n        <path d=\"M8 2V6\" stroke=\"white\" stroke-width=\"2\" stroke-linecap=\"round\" stroke-linejoin=\"round\"\/>\n        <path d=\"M3 10H21\" stroke=\"white\" stroke-width=\"2\" stroke-linecap=\"round\" stroke-linejoin=\"round\"\/>\n      <\/svg>\n\t\t\t<\/p>\n\t\t<\/div>\n\t\t<div class=\"date-input-group\">\n\t\t\t<div class=\"date-field\">\n\t\t\t\t<p><span class=\"tiny-label\">Avh\u00e4mtningsdatum<\/span><br \/>\n<span class=\"wpcf7-form-control-wrap\" data-name=\"start-date\"><input class=\"wpcf7-form-control wpcf7-date wpcf7-validates-as-required wpcf7-validates-as-date\" aria-required=\"true\" aria-invalid=\"false\" value=\"\" type=\"date\" name=\"start-date\" \/><\/span>\n\t\t\t\t<\/p>\n\t\t\t<\/div>\n\t\t\t<div class=\"date-field\">\n\t\t\t\t<p><span class=\"tiny-label\">Avh\u00e4mtningsdatum<\/span><br \/>\n<span class=\"wpcf7-form-control-wrap\" data-name=\"end-date\"><input class=\"wpcf7-form-control wpcf7-date wpcf7-validates-as-required wpcf7-validates-as-date\" aria-required=\"true\" aria-invalid=\"false\" value=\"\" type=\"date\" name=\"end-date\" \/><\/span>\n\t\t\t\t<\/p>\n\t\t\t<\/div>\n\t\t<\/div>\n\t<\/div>\n\n <!-- Location -->\n\t<p><label class=\"section-label\">Var ska eventet \u00e4ga rum?<\/label><br \/>\n<span class=\"wpcf7-form-control-wrap\" data-name=\"event-location\"><input size=\"40\" maxlength=\"400\" class=\"wpcf7-form-control wpcf7-text\" aria-invalid=\"false\" placeholder=\"Plats\/stad\" value=\"\" type=\"text\" name=\"event-location\" \/><\/span>\n\t<\/p>\n\n <!-- Checkboxes (Split into two cols for exact layout) -->\n\t<p><label class=\"section-label\">Vad beh\u00f6ver du hj\u00e4lp med? (Du kan v\u00e4lja flera)<\/label>\n\t<\/p>\n\t<div class=\"checkbox-container\">\n\t\t<div class=\"checkbox-col\">\n\t\t\t<p><span class=\"wpcf7-form-control-wrap\" data-name=\"services-left\"><span class=\"wpcf7-form-control wpcf7-checkbox wpcf7-validates-as-required\"><span class=\"wpcf7-list-item first\"><label><input type=\"checkbox\" name=\"services-left[]\" value=\"Uthyrning av produkter\" \/><span class=\"wpcf7-list-item-label\">Uthyrning av produkter<\/span><\/label><\/span><span class=\"wpcf7-list-item\"><label><input type=\"checkbox\" name=\"services-left[]\" value=\"Planering &amp; koncept\" \/><span class=\"wpcf7-list-item-label\">Planering &amp; koncept<\/span><\/label><\/span><span class=\"wpcf7-list-item last\"><label><input type=\"checkbox\" name=\"services-left[]\" value=\"Annat\" \/><span class=\"wpcf7-list-item-label\">Annat<\/span><\/label><\/span><\/span><\/span>\n\t\t\t<\/p>\n\t\t<\/div>\n\t\t<div class=\"checkbox-col\">\n\t\t\t<p><span class=\"wpcf7-form-control-wrap\" data-name=\"services-right\"><span class=\"wpcf7-form-control wpcf7-checkbox wpcf7-validates-as-required\"><span class=\"wpcf7-list-item first\"><label><input type=\"checkbox\" name=\"services-right[]\" value=\"Dukning &amp; dekoration\" \/><span class=\"wpcf7-list-item-label\">Dukning &amp; dekoration<\/span><\/label><\/span><span class=\"wpcf7-list-item last\"><label><input type=\"checkbox\" name=\"services-right[]\" value=\"Personal (t.ex. bartender, servering, DJ)\" \/><span class=\"wpcf7-list-item-label\">Personal (t.ex. bartender, servering, DJ)<\/span><\/label><\/span><\/span><\/span>\n\t\t\t<\/p>\n\t\t<\/div>\n\t<\/div>\n\n <!-- Textarea -->\n\t<p><label class=\"section-label\">Beskriv g\u00e4rna din vision, stil eller \u00f6nskem\u00e5l.<\/label><br \/>\n<span class=\"wpcf7-form-control-wrap\" data-name=\"your-message\"><textarea cols=\"40\" rows=\"10\" maxlength=\"2000\" class=\"wpcf7-form-control wpcf7-textarea\" aria-invalid=\"false\" placeholder=\"Ju mer vi vet, desto b\u00e4ttre kan vi hj\u00e4lpa dig!\" name=\"your-message\"><\/textarea><\/span>\n\t<\/p>\n\n <!-- Submit Button -->\n\t<p><input class=\"wpcf7-form-control wpcf7-submit has-spinner\" type=\"submit\" value=\"Skicka f\u00f6rfr\u00e5gan\" \/>\n\t<\/p>\n<\/div><div class=\"wpcf7-response-output\" aria-hidden=\"true\"><\/div>\n<\/form>\n<\/div>\n<\/div>\n\t\t\t\t\t\t<\/div>\n\t\t\t\t\t<\/div>\n\t\t<\/div>\n\t\t\t\t<div class=\"elementor-column elementor-col-50 elementor-inner-column elementor-element elementor-element-1d3759c\" data-id=\"1d3759c\" data-element_type=\"column\" data-settings=\"{&quot;background_background&quot;:&quot;classic&quot;}\">\n\t\t\t<div class=\"elementor-widget-wrap elementor-element-populated\">\n\t\t\t\t\t\t<div class=\"elementor-element elementor-element-a8d6f2e elementor-widget elementor-widget-spacer\" data-id=\"a8d6f2e\" data-element_type=\"widget\" data-widget_type=\"spacer.default\">\n\t\t\t\t\t\t\t<div class=\"elementor-spacer\">\n\t\t\t<div class=\"elementor-spacer-inner\"><\/div>\n\t\t<\/div>\n\t\t\t\t\t\t<\/div>\n\t\t\t\t\t<\/div>\n\t\t<\/div>\n\t\t\t\t\t<\/div>\n\t\t<\/section>\n\t\t\t\t\t<\/div>\n\t\t<\/div>\n\t\t\t\t\t<\/div>\n\t\t<\/section>\n\t\t\t\t<\/div>\n\t\t","protected":false},"excerpt":{"rendered":"<p>Kontakta oss Redo att skapa din ber\u00e4ttelse? Ber\u00e4tta om dina planer Kontakta oss \u2013 vi lyssnar p\u00e5 dina id\u00e9er och behov. Vi skapar f\u00f6rslag Vi presenterar produkter och koncept som lyfter ditt event. Leverans &amp; upph\u00e4mtning Vi ordnar allt praktiskt s\u00e5 du kan fokusera p\u00e5 att njuta.<\/p>\n","protected":false},"author":1,"featured_media":0,"parent":0,"menu_order":0,"comment_status":"closed","ping_status":"closed","template":"","meta":{"_acf_changed":false,"footnotes":""},"class_list":["post-25","page","type-page","status-publish","hentry"],"acf":[],"_links":{"self":[{"href":"https:\/\/megasandboxs.com\/seven-stories\/wp-json\/wp\/v2\/pages\/25","targetHints":{"allow":["GET"]}}],"collection":[{"href":"https:\/\/megasandboxs.com\/seven-stories\/wp-json\/wp\/v2\/pages"}],"about":[{"href":"https:\/\/megasandboxs.com\/seven-stories\/wp-json\/wp\/v2\/types\/page"}],"author":[{"embeddable":true,"href":"https:\/\/megasandboxs.com\/seven-stories\/wp-json\/wp\/v2\/users\/1"}],"replies":[{"embeddable":true,"href":"https:\/\/megasandboxs.com\/seven-stories\/wp-json\/wp\/v2\/comments?post=25"}],"version-history":[{"count":16,"href":"https:\/\/megasandboxs.com\/seven-stories\/wp-json\/wp\/v2\/pages\/25\/revisions"}],"predecessor-version":[{"id":408,"href":"https:\/\/megasandboxs.com\/seven-stories\/wp-json\/wp\/v2\/pages\/25\/revisions\/408"}],"wp:attachment":[{"href":"https:\/\/megasandboxs.com\/seven-stories\/wp-json\/wp\/v2\/media?parent=25"}],"curies":[{"name":"wp","href":"https:\/\/api.w.org\/{rel}","templated":true}]}}