{"id":213,"date":"2024-05-18T11:37:31","date_gmt":"2024-05-18T11:37:31","guid":{"rendered":"http:\/\/www.munas.net\/?page_id=213"},"modified":"2025-11-26T22:14:15","modified_gmt":"2025-11-26T22:14:15","slug":"impressum","status":"publish","type":"page","link":"https:\/\/megasandboxs.com\/landing_munas\/impressum\/","title":{"rendered":"Impressum"},"content":{"rendered":"\t\t<div data-elementor-type=\"wp-page\" data-elementor-id=\"213\" class=\"elementor elementor-213\" data-elementor-post-type=\"page\">\n\t\t\t\t\t\t<section class=\"elementor-section elementor-top-section elementor-element elementor-element-0b2e18e elementor-section-boxed elementor-section-height-default elementor-section-height-default\" data-id=\"0b2e18e\" data-element_type=\"section\" data-e-type=\"section\" data-settings=\"{&quot;background_background&quot;:&quot;classic&quot;}\">\n\t\t\t\t\t\t<div class=\"elementor-container elementor-column-gap-default\">\n\t\t\t\t\t<div class=\"elementor-column elementor-col-100 elementor-top-column elementor-element elementor-element-f66ae3b\" data-id=\"f66ae3b\" data-element_type=\"column\" data-e-type=\"column\">\n\t\t\t<div class=\"elementor-widget-wrap elementor-element-populated\">\n\t\t\t\t\t\t<section class=\"elementor-section elementor-inner-section elementor-element elementor-element-c76d891 elementor-section-boxed elementor-section-height-default elementor-section-height-default\" data-id=\"c76d891\" data-element_type=\"section\" data-e-type=\"section\">\n\t\t\t\t\t\t<div class=\"elementor-container elementor-column-gap-default\">\n\t\t\t\t\t<div class=\"elementor-column elementor-col-50 elementor-inner-column elementor-element elementor-element-8634136\" data-id=\"8634136\" data-element_type=\"column\" data-e-type=\"column\">\n\t\t\t<div class=\"elementor-widget-wrap elementor-element-populated\">\n\t\t\t\t\t\t<div class=\"elementor-element elementor-element-f030de6 elementor-widget elementor-widget-heading\" data-id=\"f030de6\" data-element_type=\"widget\" data-e-type=\"widget\" data-widget_type=\"heading.default\">\n\t\t\t\t<div class=\"elementor-widget-container\">\n\t\t\t\t\t<h1 class=\"elementor-heading-title elementor-size-default\">Impressum<\/h1>\t\t\t\t<\/div>\n\t\t\t\t<\/div>\n\t\t\t\t\t<\/div>\n\t\t<\/div>\n\t\t\t\t<div class=\"elementor-column elementor-col-50 elementor-inner-column elementor-element elementor-element-cdf9c09\" data-id=\"cdf9c09\" data-element_type=\"column\" data-e-type=\"column\">\n\t\t\t<div class=\"elementor-widget-wrap\">\n\t\t\t\t\t\t\t<\/div>\n\t\t<\/div>\n\t\t\t\t\t<\/div>\n\t\t<\/section>\n\t\t\t\t\t<\/div>\n\t\t<\/div>\n\t\t\t\t\t<\/div>\n\t\t<\/section>\n\t\t\t\t<section class=\"elementor-section elementor-top-section elementor-element elementor-element-35be793 elementor-section-boxed elementor-section-height-default elementor-section-height-default\" data-id=\"35be793\" data-element_type=\"section\" data-e-type=\"section\">\n\t\t\t\t\t\t<div class=\"elementor-container elementor-column-gap-default\">\n\t\t\t\t\t<div class=\"elementor-column elementor-col-100 elementor-top-column elementor-element elementor-element-74b1ffe\" data-id=\"74b1ffe\" data-element_type=\"column\" data-e-type=\"column\">\n\t\t\t<div class=\"elementor-widget-wrap elementor-element-populated\">\n\t\t\t\t\t\t<section class=\"elementor-section elementor-inner-section elementor-element elementor-element-e1dbf79 elementor-section-boxed elementor-section-height-default elementor-section-height-default\" data-id=\"e1dbf79\" data-element_type=\"section\" data-e-type=\"section\">\n\t\t\t\t\t\t<div class=\"elementor-container elementor-column-gap-default\">\n\t\t\t\t\t<div class=\"elementor-column elementor-col-100 elementor-inner-column elementor-element elementor-element-a9b9f09\" data-id=\"a9b9f09\" data-element_type=\"column\" data-e-type=\"column\">\n\t\t\t<div class=\"elementor-widget-wrap elementor-element-populated\">\n\t\t\t\t\t\t<div class=\"elementor-element elementor-element-2ef728d elementor-widget elementor-widget-text-editor\" data-id=\"2ef728d\" data-element_type=\"widget\" data-e-type=\"widget\" data-widget_type=\"text-editor.default\">\n\t\t\t\t<div class=\"elementor-widget-container\">\n\t\t\t\t\t\t\t\t\t<p>MUNAS Consulting<br>Flotowstra\u00dfe 3<br>15370 Fredersdorf \u2013 Vogelsdorf<\/p>\n<p>vertreten durch:<br>Dr. Markus Schneider<\/p>\n<p><strong>Kontakt<\/strong><br>Telefon: +49 1556 3047624<br>Telefax: +49 33439 \u2013 167159<br>E-Mail: info(at)munas.de<\/p>\n<p><strong>Umsatzsteuer-ID<\/strong><br>Umsatzsteuer-Identifikationsnummer gem\u00e4\u00df \u00a7 27 a Umsatzsteuergesetz:<br>DE248870969<\/p>\n<p><span style=\"font-style: inherit;\"><b>Verbraucherstreitbeilegung \/ Universalschlichtungsstelle<br><\/b><\/span><span style=\"font-style: inherit; font-weight: inherit;\">Wir sind nicht bereit oder verpflichtet, an Streitbeilegungsverfahren vor einer Verbraucherschlichtungsstelle teilzunehmen.<\/span><\/p>\n<p><strong>Zentrale Kontaktstelle nach dem Digital Services Act &#8211; DSA <\/strong><strong>(Verordnung (EU) 2022\/265)<\/strong><br>Unsere zentrale Kontaktstelle f\u00fcr Nutzer und Beh\u00f6rden nach Art. 11, 12 DSA erreichen Sie wie folgt:<br>E-Mail: info(at)munas.de<br>Die f\u00fcr den Kontakt zur Verf\u00fcgung stehende Sprache ist: Deutsch.<\/p>\n<p><strong>Haftungsausschluss (Disclaimer):<\/strong><\/p>\n<p><strong>Haftung f\u00fcr Inhalte<\/strong><br>Als Diensteanbieter sind wir f\u00fcr eigene Inhalte auf diesen Seiten nach den allgemeinen Gesetzen verantwortlich. Wir sind als Diensteanbieter jedoch nicht verpflichtet, \u00fcbermittelte oder gespeicherte fremde Informationen zu \u00fcberwachen oder nach Umst\u00e4nden zu forschen, die auf eine rechtswidrige T\u00e4tigkeit hinweisen.<\/p>\n<p>Verpflichtungen zur Entfernung oder Sperrung der Nutzung von Informationen nach den allgemeinen Gesetzen bleiben hiervon unber\u00fchrt. Eine diesbez\u00fcgliche Haftung ist jedoch erst ab dem Zeitpunkt der Kenntnis einer konkreten Rechtsverletzung m\u00f6glich. Bei Bekanntwerden von entsprechenden Rechtsverletzungen werden wir diese Inhalte umgehend entfernen.<\/p>\n<p><strong>Haftung f\u00fcr Links<\/strong><br>Unsere Webseite enth\u00e4lt eventuell Links zu externen Webseiten Dritter, auf deren Inhalte wir keinen Einfluss haben. Deshalb k\u00f6nnen wir f\u00fcr diese fremden Inhalte auch keine Gew\u00e4hr \u00fcbernehmen. F\u00fcr die Inhalte der verlinkten Seiten ist stets der jeweilige Anbieter bzw. Betreiber der Seiten verantwortlich. Die verlinkten Seiten wurden zum Zeitpunkt der Verlinkung auf m\u00f6gliche Rechtsverst\u00f6\u00dfe \u00fcberpr\u00fcft. Rechtswidrige Inhalte waren zum Zeitpunkt der Verlinkung nicht erkennbar.<\/p>\n<p>Eine permanente inhaltliche Kontrolle der verlinkten Seiten ist jedoch ohne konkrete Anhaltspunkte einer Rechtsverletzung nicht zumutbar. Bei Bekanntwerden von Rechtsverletzungen werden wir derartige Links umgehend entfernen.<\/p>\n<p><strong>Urheberrecht<\/strong><br>Die durch die Seitenbetreiber erstellten Inhalte und Werke auf diesen Seiten unterliegen dem deutschen Urheberrecht. Die Vervielf\u00e4ltigung, Bearbeitung, Verbreitung und jede Art der Verwertung au\u00dferhalb der Grenzen des Urheberrechtes bed\u00fcrfen der schriftlichen Zustimmung des jeweiligen Autors bzw. Erstellers. Downloads und Kopien dieser Seite sind nur f\u00fcr den privaten, nicht kommerziellen Gebrauch gestattet.<\/p>\n<p>Soweit die Inhalte auf dieser Seite nicht vom Betreiber erstellt wurden, werden die Urheberrechte Dritter beachtet. Insbesondere werden Inhalte Dritter als solche gekennzeichnet. Sollten Sie trotzdem auf eine Urheberrechtsverletzung aufmerksam werden, bitten wir um einen entsprechenden Hinweis. Bei Bekanntwerden von Rechtsverletzungen werden wir derartige Inhalte umgehend entfernen.<\/p>\n<p><strong>Datenschutz<\/strong><br>N\u00e4here Informationen zum Thema Datenschutz entnehmen Sie bitte unserer<br><a href=\"http:\/\/www.munas.net\/datenschutz\/\">Datenschutzerkl\u00e4rung<\/a>.<\/p>\n<p><span style=\"font-style: inherit; color: var( --e-global-color-text ); background-color: var( --e-global-color-fa70c43 );\"><b>Bildnachweise<br><\/b><\/span><span style=\"font-style: inherit; font-weight: inherit; color: var( --e-global-color-text ); background-color: var( --e-global-color-fa70c43 );\">Auf dieser Webseite werden \u2013 neben eigenem Bild- und Tonmaterialien \u2013 von folgenden K\u00fcnstlern, lizensiert \u00fcber die jeweils genannten Agenturen, eingesetzt:<br><\/span><a style=\"font-style: inherit; font-weight: inherit; font-family: Poppins, Helvetica, Arial, sans-serif;\" href=\"https:\/\/elements.envato.com\/photos\">https:\/\/elements.envato.com\/photos&nbsp;<\/a><\/p>\t\t\t\t\t\t\t\t<\/div>\n\t\t\t\t<\/div>\n\t\t\t\t\t<\/div>\n\t\t<\/div>\n\t\t\t\t\t<\/div>\n\t\t<\/section>\n\t\t\t\t\t<\/div>\n\t\t<\/div>\n\t\t\t\t\t<\/div>\n\t\t<\/section>\n\t\t\t\t<\/div>\n\t\t","protected":false},"excerpt":{"rendered":"<p>Impressum MUNAS ConsultingFlotowstra\u00dfe 315370 Fredersdorf \u2013 Vogelsdorf vertreten durch:Dr. Markus Schneider KontaktTelefon: +49 1556 3047624Telefax: +49 33439 \u2013 167159E-Mail: info(at)munas.de [&hellip;]<\/p>\n","protected":false},"author":6,"featured_media":740,"parent":0,"menu_order":0,"comment_status":"closed","ping_status":"closed","template":"","meta":{"site-sidebar-layout":"no-sidebar","site-content-layout":"","ast-site-content-layout":"full-width-container","site-content-style":"default","site-sidebar-style":"default","ast-global-header-display":"","ast-banner-title-visibility":"","ast-main-header-display":"","ast-hfb-above-header-display":"","ast-hfb-below-header-display":"","ast-hfb-mobile-header-display":"","site-post-title":"disabled","ast-breadcrumbs-content":"","ast-featured-img":"disabled","footer-sml-layout":"","theme-transparent-header-meta":"","adv-header-id-meta":"","stick-header-meta":"","header-above-stick-meta":"","header-main-stick-meta":"","header-below-stick-meta":"","astra-migrate-meta-layouts":"default","ast-page-background-enabled":"default","ast-page-background-meta":{"desktop":{"background-color":"var(--ast-global-color-4)","background-image":"","background-repeat":"repeat","background-position":"center center","background-size":"auto","background-attachment":"scroll","background-type":"","background-media":"","overlay-type":"","overlay-color":"","overlay-opacity":"","overlay-gradient":""},"tablet":{"background-color":"","background-image":"","background-repeat":"repeat","background-position":"center center","background-size":"auto","background-attachment":"scroll","background-type":"","background-media":"","overlay-type":"","overlay-color":"","overlay-opacity":"","overlay-gradient":""},"mobile":{"background-color":"","background-image":"","background-repeat":"repeat","background-position":"center center","background-size":"auto","background-attachment":"scroll","background-type":"","background-media":"","overlay-type":"","overlay-color":"","overlay-opacity":"","overlay-gradient":""}},"ast-content-background-meta":{"desktop":{"background-color":"var(--ast-global-color-5)","background-image":"","background-repeat":"repeat","background-position":"center center","background-size":"auto","background-attachment":"scroll","background-type":"","background-media":"","overlay-type":"","overlay-color":"","overlay-opacity":"","overlay-gradient":""},"tablet":{"background-color":"var(--ast-global-color-5)","background-image":"","background-repeat":"repeat","background-position":"center center","background-size":"auto","background-attachment":"scroll","background-type":"","background-media":"","overlay-type":"","overlay-color":"","overlay-opacity":"","overlay-gradient":""},"mobile":{"background-color":"var(--ast-global-color-5)","background-image":"","background-repeat":"repeat","background-position":"center center","background-size":"auto","background-attachment":"scroll","background-type":"","background-media":"","overlay-type":"","overlay-color":"","overlay-opacity":"","overlay-gradient":""}},"footnotes":""},"class_list":["post-213","page","type-page","status-publish","has-post-thumbnail","hentry"],"yoast_head":"<!-- This site is optimized with the Yoast SEO Premium plugin v26.7 (Yoast SEO v27.3) - https:\/\/yoast.com\/product\/yoast-seo-premium-wordpress\/ -->\n<title>Impressum \u2013 MUNAS Consulting Berlin<\/title>\n<meta name=\"description\" content=\"Datenschutz mit Vertrauen: Das Impressum von MUNAS Consulting Berlin mit allen Angaben nach \u00a7 5 DDG und rechtlichen Hinweisen.\" \/>\n<meta name=\"robots\" content=\"index, follow, max-snippet:-1, max-image-preview:large, max-video-preview:-1\" \/>\n<link rel=\"canonical\" href=\"https:\/\/megasandboxs.com\/landing_munas\/impressum\/\" \/>\n<meta property=\"og:locale\" content=\"de_DE\" \/>\n<meta property=\"og:type\" content=\"article\" \/>\n<meta property=\"og:title\" content=\"Impressum \u2013 MUNAS Consulting Berlin | Datenschutz, DSGVO und Compliance.\" \/>\n<meta property=\"og:description\" content=\"Datenschutz mit Vertrauen: Das Impressum von MUNAS Consulting Berlin mit allen Angaben nach \u00a7 5 DDG und rechtlichen Hinweisen.\" \/>\n<meta property=\"og:url\" content=\"https:\/\/megasandboxs.com\/landing_munas\/impressum\/\" \/>\n<meta property=\"og:site_name\" content=\"MUNAS Consulting\" \/>\n<meta property=\"article:publisher\" content=\"https:\/\/www.facebook.com\/profile.php?id=61577046788732\" \/>\n<meta property=\"article:modified_time\" content=\"2025-11-26T22:14:15+00:00\" \/>\n<meta property=\"og:image\" content=\"https:\/\/megasandboxs.com\/landing_munas\/wp-content\/uploads\/2024\/06\/business-data-protection-and-privacy-online-cyber-2023-11-27-05-05-26-utc-scaled.jpg\" \/>\n\t<meta property=\"og:image:width\" content=\"2560\" \/>\n\t<meta property=\"og:image:height\" content=\"1707\" \/>\n\t<meta property=\"og:image:type\" content=\"image\/jpeg\" \/>\n<meta name=\"twitter:card\" content=\"summary_large_image\" \/>\n<meta name=\"twitter:title\" content=\"Impressum \u2013 MUNAS Consulting Berlin | Datenschutz, DSGVO und Compliance.\" \/>\n<meta name=\"twitter:description\" content=\"Datenschutz mit Vertrauen: Das Impressum von MUNAS Consulting Berlin mit allen Angaben nach \u00a7 5 DDG und rechtlichen Hinweisen.\" \/>\n<meta name=\"twitter:label1\" content=\"Gesch\u00e4tzte Lesezeit\" \/>\n\t<meta name=\"twitter:data1\" content=\"3\u00a0Minuten\" \/>\n<script type=\"application\/ld+json\" class=\"yoast-schema-graph\">{\"@context\":\"https:\\\/\\\/schema.org\",\"@graph\":[{\"@type\":\"WebPage\",\"@id\":\"https:\\\/\\\/megasandboxs.com\\\/landing_munas\\\/impressum\\\/\",\"url\":\"https:\\\/\\\/megasandboxs.com\\\/landing_munas\\\/impressum\\\/\",\"name\":\"Impressum \u2013 MUNAS Consulting Berlin\",\"isPartOf\":{\"@id\":\"https:\\\/\\\/megasandboxs.com\\\/landing_munas\\\/#website\"},\"primaryImageOfPage\":{\"@id\":\"https:\\\/\\\/megasandboxs.com\\\/landing_munas\\\/impressum\\\/#primaryimage\"},\"image\":{\"@id\":\"https:\\\/\\\/megasandboxs.com\\\/landing_munas\\\/impressum\\\/#primaryimage\"},\"thumbnailUrl\":\"https:\\\/\\\/megasandboxs.com\\\/landing_munas\\\/wp-content\\\/uploads\\\/2024\\\/06\\\/business-data-protection-and-privacy-online-cyber-2023-11-27-05-05-26-utc-scaled.jpg\",\"datePublished\":\"2024-05-18T11:37:31+00:00\",\"dateModified\":\"2025-11-26T22:14:15+00:00\",\"description\":\"Datenschutz mit Vertrauen: Das Impressum von MUNAS Consulting Berlin mit allen Angaben nach \u00a7 5 DDG und rechtlichen Hinweisen.\",\"breadcrumb\":{\"@id\":\"https:\\\/\\\/megasandboxs.com\\\/landing_munas\\\/impressum\\\/#breadcrumb\"},\"inLanguage\":\"de\",\"potentialAction\":[{\"@type\":\"ReadAction\",\"target\":[\"https:\\\/\\\/megasandboxs.com\\\/landing_munas\\\/impressum\\\/\"]}]},{\"@type\":\"ImageObject\",\"inLanguage\":\"de\",\"@id\":\"https:\\\/\\\/megasandboxs.com\\\/landing_munas\\\/impressum\\\/#primaryimage\",\"url\":\"https:\\\/\\\/megasandboxs.com\\\/landing_munas\\\/wp-content\\\/uploads\\\/2024\\\/06\\\/business-data-protection-and-privacy-online-cyber-2023-11-27-05-05-26-utc-scaled.jpg\",\"contentUrl\":\"https:\\\/\\\/megasandboxs.com\\\/landing_munas\\\/wp-content\\\/uploads\\\/2024\\\/06\\\/business-data-protection-and-privacy-online-cyber-2023-11-27-05-05-26-utc-scaled.jpg\",\"width\":2560,\"height\":1707,\"caption\":\"Business Data Protection and Privacy Online: Cybersecurity Strategies for Safeguarding Information\"},{\"@type\":\"BreadcrumbList\",\"@id\":\"https:\\\/\\\/megasandboxs.com\\\/landing_munas\\\/impressum\\\/#breadcrumb\",\"itemListElement\":[{\"@type\":\"ListItem\",\"position\":1,\"name\":\"MUNAS Consulting\",\"item\":\"https:\\\/\\\/megasandboxs.com\\\/landing_munas\\\/\"},{\"@type\":\"ListItem\",\"position\":2,\"name\":\"Impressum\"}]},{\"@type\":\"WebSite\",\"@id\":\"https:\\\/\\\/megasandboxs.com\\\/landing_munas\\\/#website\",\"url\":\"https:\\\/\\\/megasandboxs.com\\\/landing_munas\\\/\",\"name\":\"MUNAS Consulting\",\"description\":\"Ihr Partner f\u00fcr Datenschutz, DSGVO und Barrierefreiheit.\",\"publisher\":{\"@id\":\"https:\\\/\\\/megasandboxs.com\\\/landing_munas\\\/#organization\"},\"alternateName\":\"MUNAS\",\"potentialAction\":[{\"@type\":\"SearchAction\",\"target\":{\"@type\":\"EntryPoint\",\"urlTemplate\":\"https:\\\/\\\/megasandboxs.com\\\/landing_munas\\\/?s={search_term_string}\"},\"query-input\":{\"@type\":\"PropertyValueSpecification\",\"valueRequired\":true,\"valueName\":\"search_term_string\"}}],\"inLanguage\":\"de\"},{\"@type\":\"Organization\",\"@id\":\"https:\\\/\\\/megasandboxs.com\\\/landing_munas\\\/#organization\",\"name\":\"MUNAS Consulting\",\"alternateName\":\"MUNAS\",\"url\":\"https:\\\/\\\/megasandboxs.com\\\/landing_munas\\\/\",\"logo\":{\"@type\":\"ImageObject\",\"inLanguage\":\"de\",\"@id\":\"https:\\\/\\\/megasandboxs.com\\\/landing_munas\\\/#\\\/schema\\\/logo\\\/image\\\/\",\"url\":\"https:\\\/\\\/megasandboxs.com\\\/landing_munas\\\/wp-content\\\/uploads\\\/2025\\\/10\\\/MUNAS_Screenshot_Screenshot-2024-10-21-010713.png\",\"contentUrl\":\"https:\\\/\\\/megasandboxs.com\\\/landing_munas\\\/wp-content\\\/uploads\\\/2025\\\/10\\\/MUNAS_Screenshot_Screenshot-2024-10-21-010713.png\",\"width\":429,\"height\":139,\"caption\":\"MUNAS Consulting\"},\"image\":{\"@id\":\"https:\\\/\\\/megasandboxs.com\\\/landing_munas\\\/#\\\/schema\\\/logo\\\/image\\\/\"},\"sameAs\":[\"https:\\\/\\\/www.facebook.com\\\/profile.php?id=61577046788732\",\"https:\\\/\\\/www.linkedin.com\\\/in\\\/dr-markus-schneider-5276a344\\\/\",\"https:\\\/\\\/www.provenexpert.com\\\/de-de\\\/munas-consulting\\\/\",\"https:\\\/\\\/www.instagram.com\\\/munas.consulting\\\/\",\"https:\\\/\\\/www.pinterest.com\\\/munasconsulting\",\"https:\\\/\\\/www.tiktok.com\\\/@munas_consulting\",\"https:\\\/\\\/www.youtube.com\\\/@MunasConsulting\"],\"description\":\"MUNAS Consulting ist eine spezialisierte Unternehmensberatung f\u00fcr Datenschutz, DSGVO-Compliance und digitale Barrierefreiheit (BFSG). Wir unterst\u00fctzen Unternehmen, Vereine und \u00f6ffentliche Einrichtungen bei der Umsetzung gesetzlicher Anforderungen und praxisnaher Datenschutzkonzepte.\",\"email\":\"info@megasandboxs.com\",\"telephone\":\"015563047624\",\"legalName\":\"MUNAS Consulting (Inhaber: Dr. Markus Schneider)\",\"foundingDate\":\"2007-11-01\",\"vatID\":\"DE248870969\",\"numberOfEmployees\":{\"@type\":\"QuantitativeValue\",\"minValue\":\"1\",\"maxValue\":\"10\"},\"publishingPrinciples\":\"https:\\\/\\\/megasandboxs.com\\\/landing_munas\\\/impressum\\\/\",\"ownershipFundingInfo\":\"https:\\\/\\\/megasandboxs.com\\\/landing_munas\\\/uber-uns\\\/\",\"correctionsPolicy\":\"https:\\\/\\\/megasandboxs.com\\\/landing_munas\\\/impressum\\\/\",\"ethicsPolicy\":\"https:\\\/\\\/megasandboxs.com\\\/landing_munas\\\/uber-uns\\\/\"}]}<\/script>\n<!-- \/ Yoast SEO Premium plugin. -->","yoast_head_json":{"title":"Impressum \u2013 MUNAS Consulting Berlin","description":"Datenschutz mit Vertrauen: Das Impressum von MUNAS Consulting Berlin mit allen Angaben nach \u00a7 5 DDG und rechtlichen Hinweisen.","robots":{"index":"index","follow":"follow","max-snippet":"max-snippet:-1","max-image-preview":"max-image-preview:large","max-video-preview":"max-video-preview:-1"},"canonical":"https:\/\/megasandboxs.com\/landing_munas\/impressum\/","og_locale":"de_DE","og_type":"article","og_title":"Impressum \u2013 MUNAS Consulting Berlin | Datenschutz, DSGVO und Compliance.","og_description":"Datenschutz mit Vertrauen: Das Impressum von MUNAS Consulting Berlin mit allen Angaben nach \u00a7 5 DDG und rechtlichen Hinweisen.","og_url":"https:\/\/megasandboxs.com\/landing_munas\/impressum\/","og_site_name":"MUNAS Consulting","article_publisher":"https:\/\/www.facebook.com\/profile.php?id=61577046788732","article_modified_time":"2025-11-26T22:14:15+00:00","og_image":[{"width":2560,"height":1707,"url":"https:\/\/megasandboxs.com\/landing_munas\/wp-content\/uploads\/2024\/06\/business-data-protection-and-privacy-online-cyber-2023-11-27-05-05-26-utc-scaled.jpg","type":"image\/jpeg"}],"twitter_card":"summary_large_image","twitter_title":"Impressum \u2013 MUNAS Consulting Berlin | Datenschutz, DSGVO und Compliance.","twitter_description":"Datenschutz mit Vertrauen: Das Impressum von MUNAS Consulting Berlin mit allen Angaben nach \u00a7 5 DDG und rechtlichen Hinweisen.","twitter_misc":{"Gesch\u00e4tzte Lesezeit":"3\u00a0Minuten"},"schema":{"@context":"https:\/\/schema.org","@graph":[{"@type":"WebPage","@id":"https:\/\/megasandboxs.com\/landing_munas\/impressum\/","url":"https:\/\/megasandboxs.com\/landing_munas\/impressum\/","name":"Impressum \u2013 MUNAS Consulting Berlin","isPartOf":{"@id":"https:\/\/megasandboxs.com\/landing_munas\/#website"},"primaryImageOfPage":{"@id":"https:\/\/megasandboxs.com\/landing_munas\/impressum\/#primaryimage"},"image":{"@id":"https:\/\/megasandboxs.com\/landing_munas\/impressum\/#primaryimage"},"thumbnailUrl":"https:\/\/megasandboxs.com\/landing_munas\/wp-content\/uploads\/2024\/06\/business-data-protection-and-privacy-online-cyber-2023-11-27-05-05-26-utc-scaled.jpg","datePublished":"2024-05-18T11:37:31+00:00","dateModified":"2025-11-26T22:14:15+00:00","description":"Datenschutz mit Vertrauen: Das Impressum von MUNAS Consulting Berlin mit allen Angaben nach \u00a7 5 DDG und rechtlichen Hinweisen.","breadcrumb":{"@id":"https:\/\/megasandboxs.com\/landing_munas\/impressum\/#breadcrumb"},"inLanguage":"de","potentialAction":[{"@type":"ReadAction","target":["https:\/\/megasandboxs.com\/landing_munas\/impressum\/"]}]},{"@type":"ImageObject","inLanguage":"de","@id":"https:\/\/megasandboxs.com\/landing_munas\/impressum\/#primaryimage","url":"https:\/\/megasandboxs.com\/landing_munas\/wp-content\/uploads\/2024\/06\/business-data-protection-and-privacy-online-cyber-2023-11-27-05-05-26-utc-scaled.jpg","contentUrl":"https:\/\/megasandboxs.com\/landing_munas\/wp-content\/uploads\/2024\/06\/business-data-protection-and-privacy-online-cyber-2023-11-27-05-05-26-utc-scaled.jpg","width":2560,"height":1707,"caption":"Business Data Protection and Privacy Online: Cybersecurity Strategies for Safeguarding Information"},{"@type":"BreadcrumbList","@id":"https:\/\/megasandboxs.com\/landing_munas\/impressum\/#breadcrumb","itemListElement":[{"@type":"ListItem","position":1,"name":"MUNAS Consulting","item":"https:\/\/megasandboxs.com\/landing_munas\/"},{"@type":"ListItem","position":2,"name":"Impressum"}]},{"@type":"WebSite","@id":"https:\/\/megasandboxs.com\/landing_munas\/#website","url":"https:\/\/megasandboxs.com\/landing_munas\/","name":"MUNAS Consulting","description":"Ihr Partner f\u00fcr Datenschutz, DSGVO und Barrierefreiheit.","publisher":{"@id":"https:\/\/megasandboxs.com\/landing_munas\/#organization"},"alternateName":"MUNAS","potentialAction":[{"@type":"SearchAction","target":{"@type":"EntryPoint","urlTemplate":"https:\/\/megasandboxs.com\/landing_munas\/?s={search_term_string}"},"query-input":{"@type":"PropertyValueSpecification","valueRequired":true,"valueName":"search_term_string"}}],"inLanguage":"de"},{"@type":"Organization","@id":"https:\/\/megasandboxs.com\/landing_munas\/#organization","name":"MUNAS Consulting","alternateName":"MUNAS","url":"https:\/\/megasandboxs.com\/landing_munas\/","logo":{"@type":"ImageObject","inLanguage":"de","@id":"https:\/\/megasandboxs.com\/landing_munas\/#\/schema\/logo\/image\/","url":"https:\/\/megasandboxs.com\/landing_munas\/wp-content\/uploads\/2025\/10\/MUNAS_Screenshot_Screenshot-2024-10-21-010713.png","contentUrl":"https:\/\/megasandboxs.com\/landing_munas\/wp-content\/uploads\/2025\/10\/MUNAS_Screenshot_Screenshot-2024-10-21-010713.png","width":429,"height":139,"caption":"MUNAS Consulting"},"image":{"@id":"https:\/\/megasandboxs.com\/landing_munas\/#\/schema\/logo\/image\/"},"sameAs":["https:\/\/www.facebook.com\/profile.php?id=61577046788732","https:\/\/www.linkedin.com\/in\/dr-markus-schneider-5276a344\/","https:\/\/www.provenexpert.com\/de-de\/munas-consulting\/","https:\/\/www.instagram.com\/munas.consulting\/","https:\/\/www.pinterest.com\/munasconsulting","https:\/\/www.tiktok.com\/@munas_consulting","https:\/\/www.youtube.com\/@MunasConsulting"],"description":"MUNAS Consulting ist eine spezialisierte Unternehmensberatung f\u00fcr Datenschutz, DSGVO-Compliance und digitale Barrierefreiheit (BFSG). Wir unterst\u00fctzen Unternehmen, Vereine und \u00f6ffentliche Einrichtungen bei der Umsetzung gesetzlicher Anforderungen und praxisnaher Datenschutzkonzepte.","email":"info@megasandboxs.com","telephone":"015563047624","legalName":"MUNAS Consulting (Inhaber: Dr. Markus Schneider)","foundingDate":"2007-11-01","vatID":"DE248870969","numberOfEmployees":{"@type":"QuantitativeValue","minValue":"1","maxValue":"10"},"publishingPrinciples":"https:\/\/megasandboxs.com\/landing_munas\/impressum\/","ownershipFundingInfo":"https:\/\/megasandboxs.com\/landing_munas\/uber-uns\/","correctionsPolicy":"https:\/\/megasandboxs.com\/landing_munas\/impressum\/","ethicsPolicy":"https:\/\/megasandboxs.com\/landing_munas\/uber-uns\/"}]}},"_links":{"self":[{"href":"https:\/\/megasandboxs.com\/landing_munas\/wp-json\/wp\/v2\/pages\/213","targetHints":{"allow":["GET"]}}],"collection":[{"href":"https:\/\/megasandboxs.com\/landing_munas\/wp-json\/wp\/v2\/pages"}],"about":[{"href":"https:\/\/megasandboxs.com\/landing_munas\/wp-json\/wp\/v2\/types\/page"}],"author":[{"embeddable":true,"href":"https:\/\/megasandboxs.com\/landing_munas\/wp-json\/wp\/v2\/users\/6"}],"replies":[{"embeddable":true,"href":"https:\/\/megasandboxs.com\/landing_munas\/wp-json\/wp\/v2\/comments?post=213"}],"version-history":[{"count":6,"href":"https:\/\/megasandboxs.com\/landing_munas\/wp-json\/wp\/v2\/pages\/213\/revisions"}],"predecessor-version":[{"id":4057,"href":"https:\/\/megasandboxs.com\/landing_munas\/wp-json\/wp\/v2\/pages\/213\/revisions\/4057"}],"wp:featuredmedia":[{"embeddable":true,"href":"https:\/\/megasandboxs.com\/landing_munas\/wp-json\/wp\/v2\/media\/740"}],"wp:attachment":[{"href":"https:\/\/megasandboxs.com\/landing_munas\/wp-json\/wp\/v2\/media?parent=213"}],"curies":[{"name":"wp","href":"https:\/\/api.w.org\/{rel}","templated":true}]}}